{"id":10,"date":"2023-01-04T12:07:22","date_gmt":"2023-01-04T12:07:22","guid":{"rendered":"https:\/\/carloscontabilidade.com\/?page_id=10"},"modified":"2024-02-22T15:06:11","modified_gmt":"2024-02-22T15:06:11","slug":"inicio","status":"publish","type":"page","link":"https:\/\/carloscontabilidade.com\/en\/","title":{"rendered":"In\u00edcio"},"content":{"rendered":"<p>[et_pb_section fb_built=&#8221;1&#8243; admin_label=&#8221;Hero&#8221; _builder_version=&#8221;4.19.4&#8243; _module_preset=&#8221;default&#8221; background_enable_color=&#8221;off&#8221; use_background_color_gradient=&#8221;on&#8221; background_color_gradient_direction=&#8221;170deg&#8221; background_color_gradient_stops=&#8221;gcid-e851ee7d-46ed-469a-8ad0-75e757d5f683 0%|rgba(0,47,101,0.8) 100%&#8221; background_color_gradient_overlays_image=&#8221;on&#8221; background_color_gradient_start=&#8221;#002e4f&#8221; background_color_gradient_start_position=&#8221;1%&#8221; background_color_gradient_end=&#8221;rgba(8,70,102,0.8)&#8221; background_image=&#8221;https:\/\/carloscontabilidade.com\/wp-content\/uploads\/2023\/01\/austin-distel-wD1LRb9OeEo-unsplash-scaled.jpg&#8221; custom_padding=&#8221;|||&#8221; global_colors_info=&#8221;{%22gcid-e851ee7d-46ed-469a-8ad0-75e757d5f683%22:%91%22background_color_gradient_stops%22%93}&#8221; theme_builder_area=&#8221;post_content&#8221;][et_pb_row _builder_version=&#8221;4.16&#8243; _module_preset=&#8221;default&#8221; background_size=&#8221;initial&#8221; background_position=&#8221;top_left&#8221; background_repeat=&#8221;repeat&#8221; custom_padding=&#8221;27px|0px|27px|0px|false|false&#8221; global_colors_info=&#8221;{}&#8221; theme_builder_area=&#8221;post_content&#8221;][et_pb_column type=&#8221;4_4&#8243; _builder_version=&#8221;4.16&#8243; _module_preset=&#8221;default&#8221; custom_padding=&#8221;|||&#8221; global_colors_info=&#8221;{}&#8221; custom_padding__hover=&#8221;|||&#8221; theme_builder_area=&#8221;post_content&#8221;][et_pb_text _builder_version=&#8221;4.21.0&#8243; _dynamic_attributes=&#8221;content&#8221; _module_preset=&#8221;default&#8221; text_font=&#8221;||||||||&#8221; text_font_size=&#8221;20px&#8221; text_line_height=&#8221;1.8em&#8221; header_font=&#8221;Open Sans|800|||||||&#8221; header_font_size=&#8221;60px&#8221; header_line_height=&#8221;1.3em&#8221; background_size=&#8221;initial&#8221; background_position=&#8221;top_left&#8221; background_repeat=&#8221;repeat&#8221; background_layout=&#8221;dark&#8221; max_width=&#8221;600px&#8221; custom_margin=&#8221;|||&#8221; custom_margin_tablet=&#8221;|100px||&#8221; custom_margin_phone=&#8221;|30px||&#8221; custom_margin_last_edited=&#8221;off|desktop&#8221; hover_enabled=&#8221;0&#8243; header_font_size_tablet=&#8221;50px&#8221; header_font_size_phone=&#8221;40px&#8221; header_font_size_last_edited=&#8221;on|phone&#8221; header_line_height_tablet=&#8221;&#8221; header_line_height_phone=&#8221;&#8221; header_line_height_last_edited=&#8221;on|desktop&#8221; global_colors_info=&#8221;{}&#8221; theme_builder_area=&#8221;post_content&#8221; sticky_enabled=&#8221;0&#8243;]@ET-DC@eyJkeW5hbWljIjp0cnVlLCJjb250ZW50Ijoic2l0ZV90aXRsZSIsInNldHRpbmdzIjp7ImJlZm9yZSI6IjxoMT4iLCJhZnRlciI6IjwvaDE+In19@[\/et_pb_text][et_pb_text _builder_version=&#8221;4.21.0&#8243; _dynamic_attributes=&#8221;content&#8221; _module_preset=&#8221;default&#8221; text_font=&#8221;||||||||&#8221; text_font_size=&#8221;20px&#8221; text_line_height=&#8221;1.8em&#8221; header_font=&#8221;Open Sans|800|||||||&#8221; header_font_size=&#8221;60px&#8221; header_line_height=&#8221;1.3em&#8221; background_size=&#8221;initial&#8221; background_position=&#8221;top_left&#8221; background_repeat=&#8221;repeat&#8221; background_layout=&#8221;dark&#8221; max_width=&#8221;600px&#8221; custom_margin=&#8221;|||&#8221; custom_margin_tablet=&#8221;|100px||&#8221; custom_margin_phone=&#8221;|30px||&#8221; custom_margin_last_edited=&#8221;off|desktop&#8221; hover_enabled=&#8221;0&#8243; header_font_size_tablet=&#8221;50px&#8221; header_font_size_phone=&#8221;40px&#8221; header_font_size_last_edited=&#8221;on|phone&#8221; header_line_height_tablet=&#8221;&#8221; header_line_height_phone=&#8221;&#8221; header_line_height_last_edited=&#8221;on|desktop&#8221; global_colors_info=&#8221;{}&#8221; theme_builder_area=&#8221;post_content&#8221; sticky_enabled=&#8221;0&#8243;]@ET-DC@eyJkeW5hbWljIjp0cnVlLCJjb250ZW50Ijoic2l0ZV90YWdsaW5lIiwic2V0dGluZ3MiOnsiYmVmb3JlIjoiPGgyPiIsImFmdGVyIjoiPC9oMj4ifX0=@[\/et_pb_text][\/et_pb_column][\/et_pb_row][\/et_pb_section][et_pb_section fb_built=&#8221;1&#8243; _builder_version=&#8221;4.21.0&#8243; _module_preset=&#8221;default&#8221; global_colors_info=&#8221;{}&#8221; theme_builder_area=&#8221;post_content&#8221;][et_pb_row _builder_version=&#8221;4.21.0&#8243; _module_preset=&#8221;default&#8221; global_colors_info=&#8221;{}&#8221; theme_builder_area=&#8221;post_content&#8221;][et_pb_column type=&#8221;4_4&#8243; _builder_version=&#8221;4.21.0&#8243; _module_preset=&#8221;default&#8221; global_colors_info=&#8221;{}&#8221; theme_builder_area=&#8221;post_content&#8221;][et_pb_text _builder_version=&#8221;4.19.4&#8243; _module_preset=&#8221;default&#8221; text_font=&#8221;||||||||&#8221; text_font_size=&#8221;16px&#8221; text_line_height=&#8221;2em&#8221; header_font=&#8221;||||||||&#8221; header_2_font=&#8221;Montserrat|800|||||||&#8221; header_2_font_size=&#8221;30px&#8221; header_2_line_height=&#8221;1.5em&#8221; header_3_font=&#8221;||||||||&#8221; header_4_font=&#8221;||||||||&#8221; max_width=&#8221;520px&#8221; max_width_tablet=&#8221;700px&#8221; max_width_phone=&#8221;700px&#8221; max_width_last_edited=&#8221;off|desktop&#8221; custom_margin=&#8221;|||&#8221; custom_margin_tablet=&#8221;|0px||&#8221; custom_margin_phone=&#8221;|0px||&#8221; custom_margin_last_edited=&#8221;off|desktop&#8221; custom_padding=&#8221;20px|||&#8221; header_2_font_size_tablet=&#8221;30px&#8221; header_2_font_size_phone=&#8221;20px&#8221; header_2_font_size_last_edited=&#8221;on|phone&#8221; border_color_all=&#8221;#12eaa6&#8243; border_width_top=&#8221;2px&#8221; border_color_top=&#8221;gcid-63589589-c56b-4fb6-ad74-d82bee2bccf1&#8243; locked=&#8221;off&#8221; global_colors_info=&#8221;{%22gcid-63589589-c56b-4fb6-ad74-d82bee2bccf1%22:%91%22border_color_top%22%93}&#8221; theme_builder_area=&#8221;post_content&#8221;]<\/p>\n<h2>\u00daltimas Not\u00edcias<\/h2>\n<p>[\/et_pb_text][\/et_pb_column][\/et_pb_row][et_pb_row column_structure=&#8221;1_2,1_2&#8243; _builder_version=&#8221;4.21.0&#8243; _module_preset=&#8221;default&#8221; global_colors_info=&#8221;{}&#8221; theme_builder_area=&#8221;post_content&#8221;][et_pb_column type=&#8221;1_2&#8243; _builder_version=&#8221;4.21.0&#8243; _module_preset=&#8221;default&#8221; global_colors_info=&#8221;{}&#8221; theme_builder_area=&#8221;post_content&#8221;][et_pb_blog fullwidth=&#8221;off&#8221; posts_number=&#8221;1&#8243; meta_date=&#8221;j M Y&#8221; show_more=&#8221;on&#8221; show_author=&#8221;off&#8221; show_categories=&#8221;off&#8221; show_pagination=&#8221;off&#8221; masonry_tile_background_color=&#8221;rgba(0,0,0,0)&#8221; _builder_version=&#8221;4.21.0&#8243; _module_preset=&#8221;_initial&#8221; header_font=&#8221;Open Sans|600|||||||&#8221; header_line_height=&#8221;1.6em&#8221; body_font=&#8221;||||||||&#8221; body_font_size=&#8221;16px&#8221; body_line_height=&#8221;2em&#8221; meta_font=&#8221;||||||||&#8221; meta_font_size=&#8221;14px&#8221; border_width_all=&#8221;0px&#8221; box_shadow_style=&#8221;preset3&#8243; box_shadow_vertical=&#8221;10px&#8221; box_shadow_blur=&#8221;50px&#8221; box_shadow_color=&#8221;rgba(0,0,0,0.1)&#8221; locked=&#8221;off&#8221; global_colors_info=&#8221;{%22gcid-63589589-c56b-4fb6-ad74-d82bee2bccf1%22:%91%22button_bg_color%22%93}&#8221; theme_builder_area=&#8221;post_content&#8221;][\/et_pb_blog][\/et_pb_column][et_pb_column type=&#8221;1_2&#8243; _builder_version=&#8221;4.21.0&#8243; _module_preset=&#8221;default&#8221; global_colors_info=&#8221;{}&#8221; theme_builder_area=&#8221;post_content&#8221;][et_pb_blog fullwidth=&#8221;off&#8221; posts_number=&#8221;1&#8243; meta_date=&#8221;j M Y&#8221; show_more=&#8221;on&#8221; show_author=&#8221;off&#8221; show_categories=&#8221;off&#8221; show_pagination=&#8221;off&#8221; offset_number=&#8221;1&#8243; masonry_tile_background_color=&#8221;rgba(0,0,0,0)&#8221; _builder_version=&#8221;4.21.0&#8243; _module_preset=&#8221;_initial&#8221; header_font=&#8221;Open Sans|600|||||||&#8221; header_line_height=&#8221;1.6em&#8221; body_font=&#8221;||||||||&#8221; body_font_size=&#8221;16px&#8221; body_line_height=&#8221;2em&#8221; meta_font=&#8221;||||||||&#8221; meta_font_size=&#8221;14px&#8221; border_width_all=&#8221;0px&#8221; box_shadow_style=&#8221;preset3&#8243; box_shadow_vertical=&#8221;10px&#8221; box_shadow_blur=&#8221;50px&#8221; box_shadow_color=&#8221;rgba(0,0,0,0.1)&#8221; locked=&#8221;off&#8221; global_colors_info=&#8221;{%22gcid-63589589-c56b-4fb6-ad74-d82bee2bccf1%22:%91%22button_bg_color%22%93}&#8221; theme_builder_area=&#8221;post_content&#8221;][\/et_pb_blog][\/et_pb_column][\/et_pb_row][\/et_pb_section][et_pb_section fb_built=&#8221;1&#8243; admin_label=&#8221;Blog&#8221; _builder_version=&#8221;4.16&#8243; _module_preset=&#8221;default&#8221; background_color=&#8221;#f6f8fa&#8221; global_colors_info=&#8221;{}&#8221; theme_builder_area=&#8221;post_content&#8221;][et_pb_row _builder_version=&#8221;4.16&#8243; _module_preset=&#8221;default&#8221; custom_padding=&#8221;27px|0px|27px|0|false|false&#8221; global_colors_info=&#8221;{}&#8221; theme_builder_area=&#8221;post_content&#8221;][et_pb_column type=&#8221;4_4&#8243; _builder_version=&#8221;4.16&#8243; _module_preset=&#8221;default&#8221; custom_padding=&#8221;|||&#8221; global_colors_info=&#8221;{}&#8221; custom_padding__hover=&#8221;|||&#8221; theme_builder_area=&#8221;post_content&#8221;][et_pb_text _builder_version=&#8221;4.19.4&#8243; _module_preset=&#8221;default&#8221; header_font=&#8221;||||||||&#8221; header_2_font=&#8221;||||||||&#8221; header_3_font=&#8221;||||||||&#8221; header_4_font=&#8221;Montserrat|700||on|||||&#8221; header_4_text_color=&#8221;#a2aab2&#8243; header_4_font_size=&#8221;15px&#8221; header_4_letter_spacing=&#8221;2px&#8221; header_4_line_height=&#8221;1.6em&#8221; max_width=&#8221;520px&#8221; max_width_tablet=&#8221;700px&#8221; max_width_phone=&#8221;700px&#8221; max_width_last_edited=&#8221;off|desktop&#8221; custom_margin=&#8221;|||&#8221; custom_margin_tablet=&#8221;|0px||&#8221; custom_margin_phone=&#8221;|0px||&#8221; custom_margin_last_edited=&#8221;off|desktop&#8221; header_2_font_size_tablet=&#8221;30px&#8221; header_2_font_size_last_edited=&#8221;off|desktop&#8221; locked=&#8221;off&#8221; global_colors_info=&#8221;{}&#8221; theme_builder_area=&#8221;post_content&#8221;]<\/p>\n<h4>Artigos, Not\u00edcias e Newsletters<\/h4>\n<p>[\/et_pb_text][et_pb_text _builder_version=&#8221;4.21.0&#8243; _module_preset=&#8221;default&#8221; text_font=&#8221;||||||||&#8221; text_font_size=&#8221;16px&#8221; text_line_height=&#8221;2em&#8221; header_font=&#8221;||||||||&#8221; header_2_font=&#8221;Montserrat|800|||||||&#8221; header_2_font_size=&#8221;30px&#8221; header_2_line_height=&#8221;1.5em&#8221; header_3_font=&#8221;||||||||&#8221; header_4_font=&#8221;||||||||&#8221; max_width=&#8221;520px&#8221; max_width_tablet=&#8221;700px&#8221; max_width_phone=&#8221;700px&#8221; max_width_last_edited=&#8221;off|desktop&#8221; custom_margin=&#8221;|||&#8221; custom_margin_tablet=&#8221;|0px||&#8221; custom_margin_phone=&#8221;|0px||&#8221; custom_margin_last_edited=&#8221;off|desktop&#8221; custom_padding=&#8221;20px|||&#8221; header_2_font_size_tablet=&#8221;30px&#8221; header_2_font_size_phone=&#8221;20px&#8221; header_2_font_size_last_edited=&#8221;on|phone&#8221; border_color_all=&#8221;#12eaa6&#8243; border_width_top=&#8221;2px&#8221; border_color_top=&#8221;gcid-63589589-c56b-4fb6-ad74-d82bee2bccf1&#8243; locked=&#8221;off&#8221; global_colors_info=&#8221;{%22gcid-63589589-c56b-4fb6-ad74-d82bee2bccf1%22:%91%22border_color_top%22%93}&#8221; theme_builder_area=&#8221;post_content&#8221;]<\/p>\n<h2>Arquivo<\/h2>\n<p>[\/et_pb_text][\/et_pb_column][\/et_pb_row][et_pb_row use_custom_gutter=&#8221;on&#8221; gutter_width=&#8221;2&#8243; _builder_version=&#8221;4.16&#8243; _module_preset=&#8221;default&#8221; global_colors_info=&#8221;{}&#8221; theme_builder_area=&#8221;post_content&#8221;][et_pb_column type=&#8221;4_4&#8243; _builder_version=&#8221;4.16&#8243; _module_preset=&#8221;default&#8221; custom_padding=&#8221;|||&#8221; global_colors_info=&#8221;{}&#8221; custom_padding__hover=&#8221;|||&#8221; theme_builder_area=&#8221;post_content&#8221;][et_pb_blog meta_date=&#8221;j M Y&#8221; offset_number=&#8221;2&#8243; _builder_version=&#8221;4.24.2&#8243; _module_preset=&#8221;_initial&#8221; hover_enabled=&#8221;0&#8243; locked=&#8221;off&#8221; global_colors_info=&#8221;{%22gcid-63589589-c56b-4fb6-ad74-d82bee2bccf1%22:%91%22button_bg_color%22%93}&#8221; theme_builder_area=&#8221;post_content&#8221; fullwidth=&#8221;off&#8221; sticky_enabled=&#8221;0&#8243;][\/et_pb_blog][\/et_pb_column][\/et_pb_row][\/et_pb_section]<\/p>\n","protected":false},"excerpt":{"rendered":"<p>\u00daltimas Not\u00edciasArtigos, Not\u00edcias e NewslettersArquivo<\/p>","protected":false},"author":1,"featured_media":0,"parent":0,"menu_order":0,"comment_status":"closed","ping_status":"closed","template":"","meta":{"_et_pb_use_builder":"on","_et_pb_old_content":"<!-- wp:divi\/placeholder \/-->","_et_gb_content_width":"","_joinchat":[],"footnotes":""},"class_list":["post-10","page","type-page","status-publish","hentry"],"_links":{"self":[{"href":"https:\/\/carloscontabilidade.com\/en\/wp-json\/wp\/v2\/pages\/10","targetHints":{"allow":["GET"]}}],"collection":[{"href":"https:\/\/carloscontabilidade.com\/en\/wp-json\/wp\/v2\/pages"}],"about":[{"href":"https:\/\/carloscontabilidade.com\/en\/wp-json\/wp\/v2\/types\/page"}],"author":[{"embeddable":true,"href":"https:\/\/carloscontabilidade.com\/en\/wp-json\/wp\/v2\/users\/1"}],"replies":[{"embeddable":true,"href":"https:\/\/carloscontabilidade.com\/en\/wp-json\/wp\/v2\/comments?post=10"}],"version-history":[{"count":21,"href":"https:\/\/carloscontabilidade.com\/en\/wp-json\/wp\/v2\/pages\/10\/revisions"}],"predecessor-version":[{"id":388,"href":"https:\/\/carloscontabilidade.com\/en\/wp-json\/wp\/v2\/pages\/10\/revisions\/388"}],"wp:attachment":[{"href":"https:\/\/carloscontabilidade.com\/en\/wp-json\/wp\/v2\/media?parent=10"}],"curies":[{"name":"wp","href":"https:\/\/api.w.org\/{rel}","templated":true}]}}